{"id":2797,"date":"2017-05-31T05:05:41","date_gmt":"2017-05-31T02:05:41","guid":{"rendered":"https:\/\/olive-pig-474768.hostingersite.com\/contact\/"},"modified":"2022-07-09T21:02:33","modified_gmt":"2022-07-09T18:02:33","slug":"contacts","status":"publish","type":"page","link":"https:\/\/superbaidares.lt\/en\/contacts\/","title":{"rendered":"Contact"},"content":{"rendered":"\t\t<div data-elementor-type=\"wp-post\" data-elementor-id=\"2797\" class=\"elementor elementor-2797\" data-elementor-post-type=\"page\">\n\t\t\t\t\t\t<section class=\"elementor-section elementor-top-section elementor-element elementor-element-qgk6sn0 elementor-section-boxed elementor-section-height-default elementor-section-height-default\" data-id=\"qgk6sn0\" data-element_type=\"section\" data-settings=\"{&quot;background_background&quot;:&quot;classic&quot;}\">\n\t\t\t\t\t\t<div class=\"elementor-container elementor-column-gap-default\">\n\t\t\t\t\t<div class=\"elementor-column elementor-col-100 elementor-top-column elementor-element elementor-element-uaw4tj7\" data-id=\"uaw4tj7\" data-element_type=\"column\">\n\t\t\t<div class=\"elementor-widget-wrap elementor-element-populated\">\n\t\t\t\t\t\t<div class=\"elementor-element elementor-element-l1yaoi4 elementor-view-default elementor-position-top elementor-widget elementor-widget-themo-header\" data-id=\"l1yaoi4\" data-element_type=\"widget\" data-widget_type=\"themo-header.default\">\n\t\t\t\t<div class=\"elementor-widget-container\">\n\t\t\t\t\t\t\t<div class=\"th-header-wrap\">\n        <div class=\"elementor-icon-box-wrapper \">\n                            <div class=\"elementor-icon-box-content\">\n                    <h3 class=\"elementor-icon-box-title\">\n                        We look forward to meeting you!                    <\/h3>\n                                        <p class=\"elementor-icon-box-description\"><\/p>\n\n                                    <\/div>\n            <\/div>\n\n        <\/div>\n\n\t\t\t\t\t\t<\/div>\n\t\t\t\t<\/div>\n\t\t\t\t\t<\/div>\n\t\t<\/div>\n\t\t\t\t\t<\/div>\n\t\t<\/section>\n\t\t\t\t<section class=\"elementor-section elementor-top-section elementor-element elementor-element-o7twky5 elementor-section-boxed elementor-section-height-default elementor-section-height-default\" data-id=\"o7twky5\" data-element_type=\"section\">\n\t\t\t\t\t\t<div class=\"elementor-container elementor-column-gap-extended\">\n\t\t\t\t\t<div class=\"elementor-column elementor-col-50 elementor-top-column elementor-element elementor-element-xcn0qg2\" data-id=\"xcn0qg2\" data-element_type=\"column\">\n\t\t\t<div class=\"elementor-widget-wrap elementor-element-populated\">\n\t\t\t\t\t\t<div class=\"elementor-element elementor-element-9034cb8 elementor-widget elementor-widget-heading\" data-id=\"9034cb8\" data-element_type=\"widget\" data-widget_type=\"heading.default\">\n\t\t\t\t<div class=\"elementor-widget-container\">\n\t\t\t\t\t<h5 class=\"elementor-heading-title elementor-size-large\">Contact:<\/h5>\t\t\t\t<\/div>\n\t\t\t\t<\/div>\n\t\t\t\t<div class=\"elementor-element elementor-element-86b6bbc elementor-widget elementor-widget-text-editor\" data-id=\"86b6bbc\" data-element_type=\"widget\" data-widget_type=\"text-editor.default\">\n\t\t\t\t<div class=\"elementor-widget-container\">\n\t\t\t\t\t\t\t\t\t<p>Tel. +370 60314521 &#8211; Tadas<br>Tel. +370 67343452 &#8211; Aist\u0117<\/p><p>info.baidares@gmail.com<\/p><p>Pabir\u017e\u0117s km. 18,<br>Ignalina r.<br>LT-30212<br>Lithuania<\/p><p><strong>Coordinates<\/strong> &#8211; 55.340334,26.035010<\/p><p><strong>Details for payment:<\/strong><br>LT267300010014273817<br>AB bank Swedbank<br>ALGIRDAS KINDURYS<\/p>\t\t\t\t\t\t\t\t<\/div>\n\t\t\t\t<\/div>\n\t\t\t\t\t<\/div>\n\t\t<\/div>\n\t\t\t\t<div class=\"elementor-column elementor-col-50 elementor-top-column elementor-element elementor-element-mfjhgsy\" data-id=\"mfjhgsy\" data-element_type=\"column\">\n\t\t\t<div class=\"elementor-widget-wrap elementor-element-populated\">\n\t\t\t\t\t\t<div class=\"elementor-element elementor-element-001555c elementor-widget elementor-widget-heading\" data-id=\"001555c\" data-element_type=\"widget\" data-widget_type=\"heading.default\">\n\t\t\t\t<div class=\"elementor-widget-container\">\n\t\t\t\t\t<h2 class=\"elementor-heading-title elementor-size-large\">Write to us:<\/h2>\t\t\t\t<\/div>\n\t\t\t\t<\/div>\n\t\t\t\t<div class=\"elementor-element elementor-element-ea89d40 elementor-widget elementor-widget-shortcode\" data-id=\"ea89d40\" data-element_type=\"widget\" data-widget_type=\"shortcode.default\">\n\t\t\t\t<div class=\"elementor-widget-container\">\n\t\t\t\t\t\t\t<div class=\"elementor-shortcode\">\n<div class=\"wpcf7 no-js\" id=\"wpcf7-f2931-o1\" lang=\"en-US\" dir=\"ltr\" data-wpcf7-id=\"2931\">\n<div class=\"screen-reader-response\"><p role=\"status\" aria-live=\"polite\" aria-atomic=\"true\"><\/p> <ul><\/ul><\/div>\n<form action=\"\/en\/wp-json\/wp\/v2\/pages\/2797#wpcf7-f2931-o1\" method=\"post\" class=\"wpcf7-form init\" aria-label=\"Contact form\" novalidate=\"novalidate\" data-status=\"init\">\n<div style=\"display: none;\">\n<input type=\"hidden\" name=\"_wpcf7\" value=\"2931\" \/>\n<input type=\"hidden\" name=\"_wpcf7_version\" value=\"6.0.6\" \/>\n<input type=\"hidden\" name=\"_wpcf7_locale\" value=\"en_US\" \/>\n<input type=\"hidden\" name=\"_wpcf7_unit_tag\" value=\"wpcf7-f2931-o1\" \/>\n<input type=\"hidden\" name=\"_wpcf7_container_post\" value=\"0\" \/>\n<input type=\"hidden\" name=\"_wpcf7_posted_data_hash\" value=\"\" \/>\n<input type=\"hidden\" name=\"_wpcf7_recaptcha_response\" value=\"\" \/>\n<\/div>\n<p><span class=\"wpcf7-form-control-wrap\" data-name=\"your-name\"><input size=\"40\" maxlength=\"400\" class=\"wpcf7-form-control wpcf7-text wpcf7-validates-as-required\" aria-required=\"true\" aria-invalid=\"false\" placeholder=\"Vardas\" value=\"\" type=\"text\" name=\"your-name\" \/><\/span><br \/>\n<span class=\"wpcf7-form-control-wrap\" data-name=\"your-email\"><input size=\"40\" maxlength=\"400\" class=\"wpcf7-form-control wpcf7-email wpcf7-validates-as-required wpcf7-text wpcf7-validates-as-email\" aria-required=\"true\" aria-invalid=\"false\" placeholder=\"El. pa\u0161tas\" value=\"\" type=\"email\" name=\"your-email\" \/><\/span><br \/>\n<span class=\"wpcf7-form-control-wrap\" data-name=\"your-message\"><textarea cols=\"40\" rows=\"10\" maxlength=\"2000\" class=\"wpcf7-form-control wpcf7-textarea wpcf7-validates-as-required\" aria-required=\"true\" aria-invalid=\"false\" placeholder=\"Prane\u0161imas\" name=\"your-message\"><\/textarea><\/span>\n<\/p>\n<p><input class=\"wpcf7-form-control wpcf7-submit has-spinner\" type=\"submit\" value=\"Si\u0173sti\" \/>\n<\/p><div class=\"wpcf7-response-output\" aria-hidden=\"true\"><\/div>\n<\/form>\n<\/div>\n<\/div>\n\t\t\t\t\t\t<\/div>\n\t\t\t\t<\/div>\n\t\t\t\t\t<\/div>\n\t\t<\/div>\n\t\t\t\t\t<\/div>\n\t\t<\/section>\n\t\t\t\t<section class=\"elementor-section elementor-top-section elementor-element elementor-element-bqlt0sn elementor-section-boxed elementor-section-height-default elementor-section-height-default\" data-id=\"bqlt0sn\" data-element_type=\"section\">\n\t\t\t\t\t\t<div class=\"elementor-container elementor-column-gap-default\">\n\t\t\t\t\t<div class=\"elementor-column elementor-col-100 elementor-top-column elementor-element elementor-element-gcm8twg\" data-id=\"gcm8twg\" data-element_type=\"column\">\n\t\t\t<div class=\"elementor-widget-wrap elementor-element-populated\">\n\t\t\t\t\t\t<div class=\"elementor-element elementor-element-51xhzgf elementor-widget elementor-widget-spacer\" data-id=\"51xhzgf\" data-element_type=\"widget\" data-widget_type=\"spacer.default\">\n\t\t\t\t<div class=\"elementor-widget-container\">\n\t\t\t\t\t\t\t<div class=\"elementor-spacer\">\n\t\t\t<div class=\"elementor-spacer-inner\"><\/div>\n\t\t<\/div>\n\t\t\t\t\t\t<\/div>\n\t\t\t\t<\/div>\n\t\t\t\t\t<\/div>\n\t\t<\/div>\n\t\t\t\t\t<\/div>\n\t\t<\/section>\n\t\t\t\t<\/div>\n\t\t","protected":false},"excerpt":{"rendered":"<p>We look forward to meeting you! Contact: Tel. +370 60314521 &#8211; TadasTel. +370 67343452 &#8211; Aist\u0117 info.baidares@gmail.com Pabir\u017e\u0117s km. 18,Ignalina r.LT-30212Lithuania Coordinates &#8211; 55.340334,26.035010 Details for payment:LT267300010014273817AB bank SwedbankALGIRDAS KINDURYS Write to us:<\/p>\n","protected":false},"author":1,"featured_media":0,"parent":0,"menu_order":17,"comment_status":"closed","ping_status":"closed","template":"","meta":{"footnotes":""},"class_list":["post-2797","page","type-page","status-publish","hentry"],"yoast_head":"<!-- This site is optimized with the Yoast SEO plugin v23.7 - https:\/\/yoast.com\/wordpress\/plugins\/seo\/ -->\n<title>Contacts, details on - Super baidar\u0117s<\/title>\n<meta name=\"description\" content=\"Contact information, details superbaidares.lt, address, telephone, email and other important information. Please write to.\" \/>\n<meta name=\"robots\" content=\"index, follow, max-snippet:-1, max-image-preview:large, max-video-preview:-1\" \/>\n<link rel=\"canonical\" href=\"https:\/\/superbaidares.lt\/en\/contacts\/\" \/>\n<meta property=\"og:locale\" content=\"en_US\" \/>\n<meta property=\"og:type\" content=\"article\" \/>\n<meta property=\"og:title\" content=\"Contacts, details on - Super baidar\u0117s\" \/>\n<meta property=\"og:description\" content=\"Contact information, details superbaidares.lt, address, telephone, email and other important information. Please write to.\" \/>\n<meta property=\"og:url\" content=\"https:\/\/superbaidares.lt\/en\/contacts\/\" \/>\n<meta property=\"og:site_name\" content=\"Super baidar\u0117s\" \/>\n<meta property=\"article:modified_time\" content=\"2022-07-09T18:02:33+00:00\" \/>\n<meta name=\"twitter:card\" content=\"summary_large_image\" \/>\n<meta name=\"twitter:label1\" content=\"Est. reading time\" \/>\n\t<meta name=\"twitter:data1\" content=\"1 minute\" \/>\n<script type=\"application\/ld+json\" class=\"yoast-schema-graph\">{\"@context\":\"https:\/\/schema.org\",\"@graph\":[{\"@type\":\"WebPage\",\"@id\":\"https:\/\/superbaidares.lt\/en\/contacts\/\",\"url\":\"https:\/\/superbaidares.lt\/en\/contacts\/\",\"name\":\"Contacts, details on - Super baidar\u0117s\",\"isPartOf\":{\"@id\":\"https:\/\/olive-pig-474768.hostingersite.com\/#website\"},\"datePublished\":\"2017-05-31T02:05:41+00:00\",\"dateModified\":\"2022-07-09T18:02:33+00:00\",\"description\":\"Contact information, details superbaidares.lt, address, telephone, email and other important information. Please write to.\",\"breadcrumb\":{\"@id\":\"https:\/\/superbaidares.lt\/en\/contacts\/#breadcrumb\"},\"inLanguage\":\"en-US\",\"potentialAction\":[{\"@type\":\"ReadAction\",\"target\":[\"https:\/\/superbaidares.lt\/en\/contacts\/\"]}]},{\"@type\":\"BreadcrumbList\",\"@id\":\"https:\/\/superbaidares.lt\/en\/contacts\/#breadcrumb\",\"itemListElement\":[{\"@type\":\"ListItem\",\"position\":1,\"name\":\"Home\",\"item\":\"https:\/\/superbaidares.lt\/en\/\"},{\"@type\":\"ListItem\",\"position\":2,\"name\":\"Contact\"}]},{\"@type\":\"WebSite\",\"@id\":\"https:\/\/olive-pig-474768.hostingersite.com\/#website\",\"url\":\"https:\/\/olive-pig-474768.hostingersite.com\/\",\"name\":\"Super baidar\u0117s\",\"description\":\"\",\"publisher\":{\"@id\":\"https:\/\/olive-pig-474768.hostingersite.com\/#organization\"},\"potentialAction\":[{\"@type\":\"SearchAction\",\"target\":{\"@type\":\"EntryPoint\",\"urlTemplate\":\"https:\/\/olive-pig-474768.hostingersite.com\/?s={search_term_string}\"},\"query-input\":{\"@type\":\"PropertyValueSpecification\",\"valueRequired\":true,\"valueName\":\"search_term_string\"}}],\"inLanguage\":\"en-US\"},{\"@type\":\"Organization\",\"@id\":\"https:\/\/olive-pig-474768.hostingersite.com\/#organization\",\"name\":\"Super Baidar\u0117s\",\"url\":\"https:\/\/olive-pig-474768.hostingersite.com\/\",\"logo\":{\"@type\":\"ImageObject\",\"inLanguage\":\"en-US\",\"@id\":\"https:\/\/olive-pig-474768.hostingersite.com\/#\/schema\/logo\/image\/\",\"url\":\"https:\/\/olive-pig-474768.hostingersite.com\/wp-content\/uploads\/2022\/05\/SUPER-BAIDARES-02.svg\",\"contentUrl\":\"https:\/\/olive-pig-474768.hostingersite.com\/wp-content\/uploads\/2022\/05\/SUPER-BAIDARES-02.svg\",\"width\":1000,\"height\":1000,\"caption\":\"Super Baidar\u0117s\"},\"image\":{\"@id\":\"https:\/\/olive-pig-474768.hostingersite.com\/#\/schema\/logo\/image\/\"}}]}<\/script>\n<!-- \/ Yoast SEO plugin. -->","yoast_head_json":{"title":"Contacts, details on - Super baidar\u0117s","description":"Contact information, details superbaidares.lt, address, telephone, email and other important information. Please write to.","robots":{"index":"index","follow":"follow","max-snippet":"max-snippet:-1","max-image-preview":"max-image-preview:large","max-video-preview":"max-video-preview:-1"},"canonical":"https:\/\/superbaidares.lt\/en\/contacts\/","og_locale":"en_US","og_type":"article","og_title":"Contacts, details on - Super baidar\u0117s","og_description":"Contact information, details superbaidares.lt, address, telephone, email and other important information. Please write to.","og_url":"https:\/\/superbaidares.lt\/en\/contacts\/","og_site_name":"Super baidar\u0117s","article_modified_time":"2022-07-09T18:02:33+00:00","twitter_card":"summary_large_image","twitter_misc":{"Est. reading time":"1 minute"},"schema":{"@context":"https:\/\/schema.org","@graph":[{"@type":"WebPage","@id":"https:\/\/superbaidares.lt\/en\/contacts\/","url":"https:\/\/superbaidares.lt\/en\/contacts\/","name":"Contacts, details on - Super baidar\u0117s","isPartOf":{"@id":"https:\/\/olive-pig-474768.hostingersite.com\/#website"},"datePublished":"2017-05-31T02:05:41+00:00","dateModified":"2022-07-09T18:02:33+00:00","description":"Contact information, details superbaidares.lt, address, telephone, email and other important information. Please write to.","breadcrumb":{"@id":"https:\/\/superbaidares.lt\/en\/contacts\/#breadcrumb"},"inLanguage":"en-US","potentialAction":[{"@type":"ReadAction","target":["https:\/\/superbaidares.lt\/en\/contacts\/"]}]},{"@type":"BreadcrumbList","@id":"https:\/\/superbaidares.lt\/en\/contacts\/#breadcrumb","itemListElement":[{"@type":"ListItem","position":1,"name":"Home","item":"https:\/\/superbaidares.lt\/en\/"},{"@type":"ListItem","position":2,"name":"Contact"}]},{"@type":"WebSite","@id":"https:\/\/olive-pig-474768.hostingersite.com\/#website","url":"https:\/\/olive-pig-474768.hostingersite.com\/","name":"Super baidar\u0117s","description":"","publisher":{"@id":"https:\/\/olive-pig-474768.hostingersite.com\/#organization"},"potentialAction":[{"@type":"SearchAction","target":{"@type":"EntryPoint","urlTemplate":"https:\/\/olive-pig-474768.hostingersite.com\/?s={search_term_string}"},"query-input":{"@type":"PropertyValueSpecification","valueRequired":true,"valueName":"search_term_string"}}],"inLanguage":"en-US"},{"@type":"Organization","@id":"https:\/\/olive-pig-474768.hostingersite.com\/#organization","name":"Super Baidar\u0117s","url":"https:\/\/olive-pig-474768.hostingersite.com\/","logo":{"@type":"ImageObject","inLanguage":"en-US","@id":"https:\/\/olive-pig-474768.hostingersite.com\/#\/schema\/logo\/image\/","url":"https:\/\/olive-pig-474768.hostingersite.com\/wp-content\/uploads\/2022\/05\/SUPER-BAIDARES-02.svg","contentUrl":"https:\/\/olive-pig-474768.hostingersite.com\/wp-content\/uploads\/2022\/05\/SUPER-BAIDARES-02.svg","width":1000,"height":1000,"caption":"Super Baidar\u0117s"},"image":{"@id":"https:\/\/olive-pig-474768.hostingersite.com\/#\/schema\/logo\/image\/"}}]}},"_links":{"self":[{"href":"https:\/\/superbaidares.lt\/en\/wp-json\/wp\/v2\/pages\/2797","targetHints":{"allow":["GET"]}}],"collection":[{"href":"https:\/\/superbaidares.lt\/en\/wp-json\/wp\/v2\/pages"}],"about":[{"href":"https:\/\/superbaidares.lt\/en\/wp-json\/wp\/v2\/types\/page"}],"author":[{"embeddable":true,"href":"https:\/\/superbaidares.lt\/en\/wp-json\/wp\/v2\/users\/1"}],"replies":[{"embeddable":true,"href":"https:\/\/superbaidares.lt\/en\/wp-json\/wp\/v2\/comments?post=2797"}],"version-history":[{"count":5,"href":"https:\/\/superbaidares.lt\/en\/wp-json\/wp\/v2\/pages\/2797\/revisions"}],"predecessor-version":[{"id":3046,"href":"https:\/\/superbaidares.lt\/en\/wp-json\/wp\/v2\/pages\/2797\/revisions\/3046"}],"wp:attachment":[{"href":"https:\/\/superbaidares.lt\/en\/wp-json\/wp\/v2\/media?parent=2797"}],"curies":[{"name":"wp","href":"https:\/\/api.w.org\/{rel}","templated":true}]}}